{"id":1592,"date":"2023-12-18T11:13:48","date_gmt":"2023-12-18T10:13:48","guid":{"rendered":"https:\/\/elrinconsalao.com\/avis-juridique\/"},"modified":"2023-12-19T13:10:50","modified_gmt":"2023-12-19T12:10:50","slug":"avis-juridique","status":"publish","type":"page","link":"https:\/\/elrinconsalao.com\/fr\/avis-juridique\/","title":{"rendered":"Avis juridique"},"content":{"rendered":"\n<p><strong>Avis juridique<\/strong><br\/>Conform\u00e9ment \u00e0 l&rsquo;obligation d&rsquo;information pr\u00e9vue \u00e0 l&rsquo;article 10 de la loi 34\/2002, du 11 juillet, sur les services de la soci\u00e9t\u00e9 de l&rsquo;information et le commerce \u00e9lectronique, nous vous informons que le site et le portail Internet https:\/\/elrinconsalao.com (ci-apr\u00e8s \u00ab\u00a0El Rinc\u00f3n Salao\u00a0\u00bb) est la propri\u00e9t\u00e9 de EL RINCON SALAO SLU, dont le code d&rsquo;identification fiscale est B55313571 et dont le si\u00e8ge social se trouve \u00e0 C\/ Major, 98, CP : 17700, La Jonquera, Girona. Le pr\u00e9sent avis juridique r\u00e9git les conditions d&rsquo;utilisation du portail Internet susmentionn\u00e9.<\/p>\n\n<p><strong>Droit applicable et juridiction<\/strong><br\/>En g\u00e9n\u00e9ral, les relations entre El Rinc\u00f3n Salao SLU et les utilisateurs des services t\u00e9l\u00e9matiques pr\u00e9sents sur le site web sont soumises \u00e0 la l\u00e9gislation et \u00e0 la juridiction espagnoles. Les parties renoncent express\u00e9ment \u00e0 toute autre juridiction qui pourrait leur correspondre et se soumettent express\u00e9ment aux cours et tribunaux de G\u00e9rone pour r\u00e9soudre tout litige pouvant survenir dans l&rsquo;interpr\u00e9tation ou l&rsquo;ex\u00e9cution des pr\u00e9sentes conditions contractuelles.<\/p>\n\n<p><strong>Acceptation de l&rsquo;utilisateur<\/strong><br\/>Le pr\u00e9sent avis juridique r\u00e9git l&rsquo;acc\u00e8s et l&rsquo;utilisation du site Web que El Rinc\u00f3n Salao SLU met \u00e0 la disposition des utilisateurs d&rsquo;Internet. Un utilisateur est consid\u00e9r\u00e9 comme une personne qui acc\u00e8de, navigue, utilise ou participe aux services et activit\u00e9s du site web. L&rsquo;utilisateur est inform\u00e9 et accepte que l&rsquo;acc\u00e8s \u00e0 ce site web n&rsquo;implique en aucun cas le d\u00e9but d&rsquo;une relation commerciale avec El Rinc\u00f3n Salao SLU. En acc\u00e9dant au site web et en y naviguant, l&rsquo;utilisateur accepte l&rsquo;ensemble des pr\u00e9sentes conditions d&rsquo;utilisation. En cas de d\u00e9saccord avec les conditions g\u00e9n\u00e9rales, vous devez vous abstenir d&rsquo;utiliser le site web.<\/p>\n\n<p><strong>Acc\u00e8s au web<\/strong><br\/>L&rsquo;acc\u00e8s au site web par les utilisateurs est gratuit. Certains services peuvent faire l&rsquo;objet d&rsquo;un contrat pr\u00e9alable. S&rsquo;il est n\u00e9cessaire que l&rsquo;utilisateur fournisse des donn\u00e9es personnelles pour acc\u00e9der \u00e0 l&rsquo;un des services, la collecte et le traitement des donn\u00e9es seront effectu\u00e9s conform\u00e9ment \u00e0 la r\u00e9glementation en vigueur, en particulier au RGPD. Pour plus d&rsquo;informations, veuillez consulter notre <a href=\"https:\/\/elrinconsalao.com\/fr\/politique-de-confidentialite\/\">politique de confidentialit\u00e9<\/a>.<\/p>\n\n<p><strong>Contenu et utilisation<\/strong><br\/>L&rsquo;utilisateur doit visiter le site web de mani\u00e8re responsable et conform\u00e9ment \u00e0 la l\u00e9gislation en vigueur, \u00e0 la bonne foi, au pr\u00e9sent avis juridique et au respect des droits de propri\u00e9t\u00e9 intellectuelle et industrielle d\u00e9tenus par El Rinc\u00f3n Salao SLU ou toute autre personne physique ou morale. Il est strictement interdit d&rsquo;utiliser les contenus du site web \u00e0 des fins ill\u00e9gales ou susceptibles de l&rsquo;\u00eatre, ainsi que de r\u00e9aliser des actions qui causent ou peuvent causer des dommages ou des alt\u00e9rations de quelque nature que ce soit, non autoris\u00e9es par El Rinc\u00f3n Salao SLU, au site web ou \u00e0 ses contenus. Le propri\u00e9taire du site ne s&rsquo;identifie pas aux opinions exprim\u00e9es par ses contributeurs. L&rsquo;entreprise se r\u00e9serve le droit d&rsquo;apporter des modifications inopin\u00e9es qu&rsquo;elle juge opportunes \u00e0 son site web, et peut modifier, supprimer ou ajouter des contenus et des services fournis par l&rsquo;interm\u00e9diaire de ce dernier, ainsi que la mani\u00e8re dont ils sont pr\u00e9sent\u00e9s ou situ\u00e9s sur ses serveurs.<\/p>\n\n<p><strong>Propri\u00e9t\u00e9 intellectuelle et industrielle<\/strong><br\/>Les droits de propri\u00e9t\u00e9 intellectuelle du contenu des pages web, leur conception graphique et les codes sont la propri\u00e9t\u00e9 de El Rinc\u00f3n Salao SLU et, par cons\u00e9quent, leur reproduction, distribution, communication publique, transformation ou toute autre activit\u00e9 r\u00e9alis\u00e9e avec les contenus de la page web, m\u00eame en citant les sources, est interdite, sauf avec le consentement pr\u00e9alable, expr\u00e8s et \u00e9crit de El Rinc\u00f3n Salao SLU. Tous les noms commerciaux, marques ou signes distinctifs de toute nature contenus dans les pages web de l&rsquo;entreprise sont la propri\u00e9t\u00e9 de leurs d\u00e9tenteurs et sont prot\u00e9g\u00e9s par la loi. El Rinc\u00f3n Salao SLU ne conc\u00e8de aucune licence ou autorisation d&rsquo;utilisation de quelque nature que ce soit sur ses droits de propri\u00e9t\u00e9 intellectuelle et industrielle ou sur tout autre bien ou droit li\u00e9 au site web, et en aucun cas l&rsquo;acc\u00e8s et la navigation des utilisateurs n&rsquo;impliquent une renonciation, une transmission, une licence ou une cession totale ou partielle de ces droits de la part de El Rinc\u00f3n Salao SLU. Toute utilisation de ces contenus non autoris\u00e9e au pr\u00e9alable par El Rinc\u00f3n Salao SLU sera consid\u00e9r\u00e9e comme une grave violation des droits de propri\u00e9t\u00e9 intellectuelle ou industrielle et donnera lieu aux responsabilit\u00e9s l\u00e9galement \u00e9tablies. El Rinc\u00f3n Salao SLU se r\u00e9serve le droit d&rsquo;exercer les actions judiciaires et extrajudiciaires correspondantes \u00e0 l&rsquo;encontre de l&rsquo;utilisateur.<\/p>\n\n<p><strong>Responsabilit\u00e9 et garanties<\/strong><br\/>El Rinc\u00f3n Salao SLU d\u00e9clare avoir adopt\u00e9 les mesures n\u00e9cessaires qui, dans la mesure de ses possibilit\u00e9s et de l&rsquo;\u00e9tat de la technologie, permettent le bon fonctionnement de son site web et l&rsquo;absence de virus et de composants nuisibles. Toutefois, El Rinc\u00f3n Salao SLU ne peut \u00eatre tenu responsable des situations suivantes, qui sont \u00e9num\u00e9r\u00e9es \u00e0 titre d&rsquo;exemple, mais sans s&rsquo;y limiter :<\/p>\n\n<p><strong>La continuit\u00e9 et la disponibilit\u00e9 du contenu.<\/strong><br\/>L&rsquo;absence d&rsquo;erreurs dans le contenu ou la correction des d\u00e9fauts \u00e9ventuels.<\/p>\n\n<p><strong>L&rsquo;absence de virus et\/ou d&rsquo;autres composants nuisibles.<\/strong><br\/>Les dommages caus\u00e9s par toute personne qui viole les syst\u00e8mes de s\u00e9curit\u00e9 de El Rinc\u00f3n Salao SLU.<\/p>\n\n<p>L&rsquo;utilisation que les utilisateurs peuvent faire des contenus inclus dans le site web. Par cons\u00e9quent, El Rinc\u00f3n Salao SLU ne garantit pas que l&rsquo;utilisation que les utilisateurs peuvent faire des contenus qui peuvent \u00eatre inclus sur le site Web soit conforme au pr\u00e9sent avis juridique, ni que l&rsquo;utilisation du site Web soit effectu\u00e9e de mani\u00e8re diligente.<\/p>\n\n<p>L&rsquo;utilisation par des mineurs du site web ou l&rsquo;envoi de leurs donn\u00e9es personnelles sans l&rsquo;autorisation de leurs tuteurs, ces derniers \u00e9tant responsables de l&rsquo;utilisation qu&rsquo;ils font d&rsquo;Internet.<br\/>Le contenu auquel l&rsquo;utilisateur peut acc\u00e9der par des liens non autoris\u00e9s ou le contenu introduit par les utilisateurs par le biais de commentaires ou d&rsquo;outils similaires.<\/p>\n\n<p><strong>L&rsquo;introduction de donn\u00e9es erron\u00e9es par l&rsquo;utilisateur ou un tiers.<\/strong><br\/>El Rinc\u00f3n Salao SLU peut suspendre temporairement et sans pr\u00e9avis l&rsquo;acc\u00e8s au site web pour des op\u00e9rations de maintenance, de r\u00e9paration, de mise \u00e0 jour ou d&rsquo;am\u00e9lioration. Cependant, lorsque les circonstances le permettent, El Rinc\u00f3n Salao SLU informera l&rsquo;utilisateur, avec un pr\u00e9avis suffisant, de la date \u00e0 laquelle les contenus seront suspendus. De m\u00eame, conform\u00e9ment aux art. 11 et 16 de la loi 34\/2002, du 11 juillet, sur les services de la soci\u00e9t\u00e9 de l&rsquo;information et le commerce \u00e9lectronique, El Rinc\u00f3n Salao SLU s&rsquo;engage \u00e0 retirer ou, le cas \u00e9ch\u00e9ant, \u00e0 bloquer tout contenu susceptible d&rsquo;affecter ou d&rsquo;\u00eatre contraire \u00e0 la l\u00e9gislation en vigueur, aux droits de tiers ou \u00e0 la morale et \u00e0 l&rsquo;ordre publics.<\/p>\n\n<p><strong>Cookies<\/strong><br\/>El Rinc\u00f3n Salao SLU utilise des cookies afin d&rsquo;optimiser et de personnaliser votre navigation sur le site web. Les cookies sont des fichiers d&rsquo;informations physiques qui sont stock\u00e9s dans le terminal de l&rsquo;utilisateur. Les informations collect\u00e9es par le biais des cookies sont utilis\u00e9es pour faciliter la navigation de l&rsquo;utilisateur sur le portail et pour optimiser l&rsquo;exp\u00e9rience de navigation. Les donn\u00e9es collect\u00e9es par le biais des cookies peuvent \u00eatre partag\u00e9es avec les cr\u00e9ateurs de ces derniers, mais en aucun cas les informations obtenues par ces derniers ne seront associ\u00e9es \u00e0 des donn\u00e9es personnelles ou \u00e0 des donn\u00e9es permettant d&rsquo;identifier l&rsquo;utilisateur. Toutefois, si vous ne souhaitez pas que des cookies soient install\u00e9s sur votre disque dur, vous pouvez configurer votre navigateur pour emp\u00eacher l&rsquo;installation de ces fichiers. Pour plus d&rsquo;informations, veuillez consulter notre <a href=\"https:\/\/elrinconsalao.com\/fr\/politique-en-matiere-de-cookies\/\">politique en mati\u00e8re de cookies<\/a>.<\/p>\n\n<p><strong>Liens<\/strong><br\/>La pr\u00e9sence de liens sur la page web de El Rinc\u00f3n Salao SLU vers d&rsquo;autres sites Internet n&rsquo;a qu&rsquo;une valeur informative et n&rsquo;implique en aucun cas une suggestion, une invitation ou une recommandation \u00e0 leur \u00e9gard. El Rinc\u00f3n Salao SLU n&rsquo;assume pas la responsabilit\u00e9 du contenu d&rsquo;un lien appartenant \u00e0 un site Web externe et ne garantit pas la fiabilit\u00e9, l&rsquo;exactitude, l&rsquo;exhaustivit\u00e9, la v\u00e9racit\u00e9, la validit\u00e9 et la disponibilit\u00e9 technique.<\/p>\n\n<p>Si d&rsquo;autres sites web \u00e9tablissent des liens avec le site web de El Rinc\u00f3n Salao SLU, il ne sera pas consid\u00e9r\u00e9 que El Rinc\u00f3n Salao SLU a autoris\u00e9 le lien ou le contenu du site web contenant le lien, ni que des contenus inappropri\u00e9s, diffamatoires, ill\u00e9gaux, obsc\u00e8nes ou illicites peuvent \u00eatre inclus dans la page li\u00e9e, ou d&rsquo;autres contenus contraires \u00e0 la l\u00e9gislation en vigueur.<\/p>\n\n<p>El Rinc\u00f3n Salao SLU se r\u00e9serve le droit de contacter le propri\u00e9taire du site web vers lequel le lien est \u00e9tabli s&rsquo;il consid\u00e8re qu&rsquo;il y a eu infraction \u00e0 la r\u00e9glementation, ainsi que d&rsquo;entreprendre les actions judiciaires et extrajudiciaires correspondantes.<\/p>\n\n<p><strong>Modification des conditions<\/strong><br\/>El Rinc\u00f3n Salao SLU se r\u00e9serve express\u00e9ment le droit de modifier unilat\u00e9ralement, totalement ou partiellement, sans pr\u00e9avis, le pr\u00e9sent avis juridique. Vous reconnaissez et acceptez qu&rsquo;il est de votre responsabilit\u00e9 de consulter r\u00e9guli\u00e8rement les pr\u00e9sentes mentions l\u00e9gales. Mise \u00e0 jour : 19\/12\/2023.<\/p>\n","protected":false},"excerpt":{"rendered":"<p>Avis juridiqueConform\u00e9ment \u00e0 l&rsquo;obligation d&rsquo;information pr\u00e9vue \u00e0 l&rsquo;article 10 de la loi 34\/2002, du 11 juillet, sur les services de la soci\u00e9t\u00e9 de l&rsquo;information et le commerce \u00e9lectronique, nous vous informons que le site et le portail Internet https:\/\/elrinconsalao.com (ci-apr\u00e8s \u00ab\u00a0El Rinc\u00f3n Salao\u00a0\u00bb) est la propri\u00e9t\u00e9&hellip;<\/p>\n","protected":false},"author":1,"featured_media":0,"parent":0,"menu_order":10000,"comment_status":"closed","ping_status":"closed","template":"","meta":{"footnotes":""},"yoast_head":"<!-- This site is optimized with the Yoast SEO plugin v21.7 - https:\/\/yoast.com\/wordpress\/plugins\/seo\/ -->\n<title>Avis juridique - El Rinc\u00f3n Salao \u00b7 Restaurant La Jonquera<\/title>\n<meta name=\"robots\" content=\"index, follow, max-snippet:-1, max-image-preview:large, max-video-preview:-1\" \/>\n<link rel=\"canonical\" href=\"https:\/\/elrinconsalao.com\/fr\/avis-juridique\/\" \/>\n<meta property=\"og:locale\" content=\"fr_FR\" \/>\n<meta property=\"og:type\" content=\"article\" \/>\n<meta property=\"og:title\" content=\"Avis juridique - El Rinc\u00f3n Salao \u00b7 Restaurant La Jonquera\" \/>\n<meta property=\"og:description\" content=\"Avis juridiqueConform\u00e9ment \u00e0 l&rsquo;obligation d&rsquo;information pr\u00e9vue \u00e0 l&rsquo;article 10 de la loi 34\/2002, du 11 juillet, sur les services de la soci\u00e9t\u00e9 de l&rsquo;information et le commerce \u00e9lectronique, nous vous informons que le site et le portail Internet https:\/\/elrinconsalao.com (ci-apr\u00e8s \u00ab\u00a0El Rinc\u00f3n Salao\u00a0\u00bb) est la propri\u00e9t\u00e9&hellip;\" \/>\n<meta property=\"og:url\" content=\"https:\/\/elrinconsalao.com\/fr\/avis-juridique\/\" \/>\n<meta property=\"og:site_name\" content=\"El Rinc\u00f3n Salao \u00b7 Restaurant La Jonquera\" \/>\n<meta property=\"article:modified_time\" content=\"2023-12-19T12:10:50+00:00\" \/>\n<meta name=\"twitter:card\" content=\"summary_large_image\" \/>\n<meta name=\"twitter:label1\" content=\"Dur\u00e9e de lecture estim\u00e9e\" \/>\n\t<meta name=\"twitter:data1\" content=\"8 minutes\" \/>\n<script type=\"application\/ld+json\" class=\"yoast-schema-graph\">{\"@context\":\"https:\/\/schema.org\",\"@graph\":[{\"@type\":\"WebPage\",\"@id\":\"https:\/\/elrinconsalao.com\/fr\/avis-juridique\/\",\"url\":\"https:\/\/elrinconsalao.com\/fr\/avis-juridique\/\",\"name\":\"Avis juridique - El Rinc\u00f3n Salao \u00b7 Restaurant La Jonquera\",\"isPartOf\":{\"@id\":\"https:\/\/elrinconsalao.com\/fr\/#website\"},\"datePublished\":\"2023-12-18T10:13:48+00:00\",\"dateModified\":\"2023-12-19T12:10:50+00:00\",\"breadcrumb\":{\"@id\":\"https:\/\/elrinconsalao.com\/fr\/avis-juridique\/#breadcrumb\"},\"inLanguage\":\"fr-FR\",\"potentialAction\":[{\"@type\":\"ReadAction\",\"target\":[\"https:\/\/elrinconsalao.com\/fr\/avis-juridique\/\"]}]},{\"@type\":\"BreadcrumbList\",\"@id\":\"https:\/\/elrinconsalao.com\/fr\/avis-juridique\/#breadcrumb\",\"itemListElement\":[{\"@type\":\"ListItem\",\"position\":1,\"name\":\"Portada\",\"item\":\"https:\/\/elrinconsalao.com\/fr\/\"},{\"@type\":\"ListItem\",\"position\":2,\"name\":\"Avis juridique\"}]},{\"@type\":\"WebSite\",\"@id\":\"https:\/\/elrinconsalao.com\/fr\/#website\",\"url\":\"https:\/\/elrinconsalao.com\/fr\/\",\"name\":\"El Rinc\u00f3n Salao \u00b7 Restaurant La Jonquera\",\"description\":\"\",\"publisher\":{\"@id\":\"https:\/\/elrinconsalao.com\/fr\/#organization\"},\"potentialAction\":[{\"@type\":\"SearchAction\",\"target\":{\"@type\":\"EntryPoint\",\"urlTemplate\":\"https:\/\/elrinconsalao.com\/fr\/?s={search_term_string}\"},\"query-input\":\"required name=search_term_string\"}],\"inLanguage\":\"fr-FR\"},{\"@type\":\"Organization\",\"@id\":\"https:\/\/elrinconsalao.com\/fr\/#organization\",\"name\":\"El Rinc\u00f3n Salao \u00b7 Restaurant La Jonquera\",\"url\":\"https:\/\/elrinconsalao.com\/fr\/\",\"logo\":{\"@type\":\"ImageObject\",\"inLanguage\":\"fr-FR\",\"@id\":\"https:\/\/elrinconsalao.com\/fr\/#\/schema\/logo\/image\/\",\"url\":\"\",\"contentUrl\":\"\",\"caption\":\"El Rinc\u00f3n Salao \u00b7 Restaurant La Jonquera\"},\"image\":{\"@id\":\"https:\/\/elrinconsalao.com\/fr\/#\/schema\/logo\/image\/\"}}]}<\/script>\n<!-- \/ Yoast SEO plugin. -->","yoast_head_json":{"title":"Avis juridique - El Rinc\u00f3n Salao \u00b7 Restaurant La Jonquera","robots":{"index":"index","follow":"follow","max-snippet":"max-snippet:-1","max-image-preview":"max-image-preview:large","max-video-preview":"max-video-preview:-1"},"canonical":"https:\/\/elrinconsalao.com\/fr\/avis-juridique\/","og_locale":"fr_FR","og_type":"article","og_title":"Avis juridique - El Rinc\u00f3n Salao \u00b7 Restaurant La Jonquera","og_description":"Avis juridiqueConform\u00e9ment \u00e0 l&rsquo;obligation d&rsquo;information pr\u00e9vue \u00e0 l&rsquo;article 10 de la loi 34\/2002, du 11 juillet, sur les services de la soci\u00e9t\u00e9 de l&rsquo;information et le commerce \u00e9lectronique, nous vous informons que le site et le portail Internet https:\/\/elrinconsalao.com (ci-apr\u00e8s \u00ab\u00a0El Rinc\u00f3n Salao\u00a0\u00bb) est la propri\u00e9t\u00e9&hellip;","og_url":"https:\/\/elrinconsalao.com\/fr\/avis-juridique\/","og_site_name":"El Rinc\u00f3n Salao \u00b7 Restaurant La Jonquera","article_modified_time":"2023-12-19T12:10:50+00:00","twitter_card":"summary_large_image","twitter_misc":{"Dur\u00e9e de lecture estim\u00e9e":"8 minutes"},"schema":{"@context":"https:\/\/schema.org","@graph":[{"@type":"WebPage","@id":"https:\/\/elrinconsalao.com\/fr\/avis-juridique\/","url":"https:\/\/elrinconsalao.com\/fr\/avis-juridique\/","name":"Avis juridique - El Rinc\u00f3n Salao \u00b7 Restaurant La Jonquera","isPartOf":{"@id":"https:\/\/elrinconsalao.com\/fr\/#website"},"datePublished":"2023-12-18T10:13:48+00:00","dateModified":"2023-12-19T12:10:50+00:00","breadcrumb":{"@id":"https:\/\/elrinconsalao.com\/fr\/avis-juridique\/#breadcrumb"},"inLanguage":"fr-FR","potentialAction":[{"@type":"ReadAction","target":["https:\/\/elrinconsalao.com\/fr\/avis-juridique\/"]}]},{"@type":"BreadcrumbList","@id":"https:\/\/elrinconsalao.com\/fr\/avis-juridique\/#breadcrumb","itemListElement":[{"@type":"ListItem","position":1,"name":"Portada","item":"https:\/\/elrinconsalao.com\/fr\/"},{"@type":"ListItem","position":2,"name":"Avis juridique"}]},{"@type":"WebSite","@id":"https:\/\/elrinconsalao.com\/fr\/#website","url":"https:\/\/elrinconsalao.com\/fr\/","name":"El Rinc\u00f3n Salao \u00b7 Restaurant La Jonquera","description":"","publisher":{"@id":"https:\/\/elrinconsalao.com\/fr\/#organization"},"potentialAction":[{"@type":"SearchAction","target":{"@type":"EntryPoint","urlTemplate":"https:\/\/elrinconsalao.com\/fr\/?s={search_term_string}"},"query-input":"required name=search_term_string"}],"inLanguage":"fr-FR"},{"@type":"Organization","@id":"https:\/\/elrinconsalao.com\/fr\/#organization","name":"El Rinc\u00f3n Salao \u00b7 Restaurant La Jonquera","url":"https:\/\/elrinconsalao.com\/fr\/","logo":{"@type":"ImageObject","inLanguage":"fr-FR","@id":"https:\/\/elrinconsalao.com\/fr\/#\/schema\/logo\/image\/","url":"","contentUrl":"","caption":"El Rinc\u00f3n Salao \u00b7 Restaurant La Jonquera"},"image":{"@id":"https:\/\/elrinconsalao.com\/fr\/#\/schema\/logo\/image\/"}}]}},"_links":{"self":[{"href":"https:\/\/elrinconsalao.com\/fr\/wp-json\/wp\/v2\/pages\/1592"}],"collection":[{"href":"https:\/\/elrinconsalao.com\/fr\/wp-json\/wp\/v2\/pages"}],"about":[{"href":"https:\/\/elrinconsalao.com\/fr\/wp-json\/wp\/v2\/types\/page"}],"author":[{"embeddable":true,"href":"https:\/\/elrinconsalao.com\/fr\/wp-json\/wp\/v2\/users\/1"}],"replies":[{"embeddable":true,"href":"https:\/\/elrinconsalao.com\/fr\/wp-json\/wp\/v2\/comments?post=1592"}],"version-history":[{"count":3,"href":"https:\/\/elrinconsalao.com\/fr\/wp-json\/wp\/v2\/pages\/1592\/revisions"}],"predecessor-version":[{"id":1627,"href":"https:\/\/elrinconsalao.com\/fr\/wp-json\/wp\/v2\/pages\/1592\/revisions\/1627"}],"wp:attachment":[{"href":"https:\/\/elrinconsalao.com\/fr\/wp-json\/wp\/v2\/media?parent=1592"}],"curies":[{"name":"wp","href":"https:\/\/api.w.org\/{rel}","templated":true}]}}