{"id":1579,"date":"2023-12-18T08:22:58","date_gmt":"2023-12-18T07:22:58","guid":{"rendered":"https:\/\/elrinconsalao.com\/politique-de-confidentialite\/"},"modified":"2023-12-19T13:10:50","modified_gmt":"2023-12-19T12:10:50","slug":"politique-de-confidentialite","status":"publish","type":"page","link":"https:\/\/elrinconsalao.com\/fr\/politique-de-confidentialite\/","title":{"rendered":"Politique de confidentialit\u00e9"},"content":{"rendered":"\n<p><strong>OBJET<\/strong><\/p>\n\n<p>El Rinc\u00f3n Salao SLU (ci-apr\u00e8s, \u00ab\u00a0le contr\u00f4leur\u00a0\u00bb) s&rsquo;efforce de garantir la confidentialit\u00e9 du traitement de vos donn\u00e9es personnelles. \u00c0 cet \u00e9gard, nous avons mis \u00e0 jour notre politique de confidentialit\u00e9 afin de fournir des informations claires sur la mani\u00e8re dont nous collectons, utilisons et prot\u00e9geons les donn\u00e9es des personnes qui nous contactent.<\/p>\n\n<p><strong>RESPONSABLE<\/strong><\/p>\n\n<p>La partie int\u00e9ress\u00e9e \/ a qui fournit des donn\u00e9es personnelles \u00e0 la partie responsable par le biais de cette plateforme ou par tout autre moyen, est inform\u00e9e que le traitement de ses donn\u00e9es est effectu\u00e9 par :<\/p>\n\n<p>El Rinc\u00f3n Salao SLU<br\/>C\/ Major, 98<br\/>17700, La Jonquera, Girona<\/p>\n\n<p>CONTACT :<br\/>T : +34 972 112 459<br\/>elrinconsalao2018@gmail.com<\/p>\n\n<p>Le contr\u00f4leur de donn\u00e9es, conform\u00e9ment aux dispositions de la l\u00e9gislation en vigueur sur la protection des donn\u00e9es personnelles, le r\u00e8glement (UE) 2016\/679 du 27 avril 2016 (GDPR) sur la protection des personnes physiques en ce qui concerne le traitement des donn\u00e9es personnelles et la libre circulation de ces donn\u00e9es, la loi organique 3\/2018, du 5 d\u00e9cembre, sur la protection des donn\u00e9es personnelles et la garantie des droits num\u00e9riques (LOPD GDD) et par la loi 34\/2002, du 11 juillet, sur les services de la soci\u00e9t\u00e9 de l&rsquo;information et le commerce \u00e9lectronique (LSSICE), a mis en \u0153uvre toutes les mesures de s\u00e9curit\u00e9 techniques et organisationnelles pour garantir et prot\u00e9ger la confidentialit\u00e9, l&rsquo;int\u00e9grit\u00e9 et la disponibilit\u00e9 des donn\u00e9es trait\u00e9es.<\/p>\n\n<p><strong>OBJECTIF<\/strong><\/p>\n\n<p>Vos donn\u00e9es personnelles ne seront utilis\u00e9es qu&rsquo;aux fins suivantes :<\/p>\n\n<p>Effectuer les d\u00e9marches commerciales et administratives n\u00e9cessaires aupr\u00e8s des utilisateurs du site web ;<br\/>Envoyer des communications commerciales publicitaires par courrier \u00e9lectronique, SMS, r\u00e9seaux sociaux ou tout autre moyen \u00e9lectronique ou physique, dans le cas o\u00f9 l&rsquo;utilisateur a express\u00e9ment consenti \u00e0 l&rsquo;envoi de communications commerciales par voie \u00e9lectronique en s&rsquo;abonnant \u00e0 la NEWSLETTER ;<br\/>r\u00e9pondre aux questions et\/ou fournir les informations demand\u00e9es par l&rsquo;utilisateur ;<br\/>Fournir les services et\/ou produits contract\u00e9s ou souscrits par l&rsquo;utilisateur.<br\/>Des analyses de profilage et de convivialit\u00e9 seront effectu\u00e9es.<br\/>Les donn\u00e9es des clients et\/ou des fournisseurs seront trait\u00e9es, dans le cadre de la relation contractuelle qui les lie au responsable du traitement, dans le respect des obligations administratives, fiscales, comptables et sociales n\u00e9cessaires en vertu de la l\u00e9gislation en vigueur.<br\/>Vous pouvez r\u00e9voquer votre consentement \u00e0 tout moment en envoyant une lettre \u00e0 l&rsquo;adresse du \u00ab\u00a0Responsable\u00a0\u00bb.<\/p>\n\n<p>Conform\u00e9ment \u00e0 la LSSICE, El responsable ne s&rsquo;engage pas dans des pratiques de SPAM, et n&rsquo;envoie donc pas de courriers \u00e9lectroniques commerciaux qui n&rsquo;ont pas \u00e9t\u00e9 pr\u00e9alablement demand\u00e9s ou autoris\u00e9s par l&rsquo;Utilisateur. Par cons\u00e9quent, dans toutes les communications que vous recevrez du fournisseur, vous avez la possibilit\u00e9 d&rsquo;annuler votre consentement expr\u00e8s \u00e0 recevoir des communications de notre part. Nous ne traiterons pas vos donn\u00e9es \u00e0 caract\u00e8re personnel \u00e0 d&rsquo;autres fins que celles d\u00e9crites ci-dessus, sauf si la loi ou une d\u00e9cision de justice l&rsquo;exige.<\/p>\n\n<p>Les op\u00e9rations envisag\u00e9es pour effectuer le traitement sont les suivantes : vous fournir des services dans les domaines technique, informatique, de la protection des donn\u00e9es, du marketing, des nouvelles technologies et des services globaux, ainsi que r\u00e9pondre \u00e0 vos questions ou demandes.<\/p>\n\n<p>Nous utiliserons \u00e9galement vos donn\u00e9es pour vous fournir des informations et des offres sur nos services, vous envoyer des communications, des bulletins d&rsquo;information, des activit\u00e9s et des nouvelles de votre int\u00e9r\u00eat li\u00e9es \u00e0 l&rsquo;entreprise et \u00e0 son secteur d&rsquo;activit\u00e9.<\/p>\n\n<p><strong>LA PR\u00c9SERVATION DES DONN\u00c9ES<\/strong><\/p>\n\n<p>Les donn\u00e9es sont conserv\u00e9es aussi longtemps que la personne concern\u00e9e ne demande pas leur suppression et, le cas \u00e9ch\u00e9ant, pendant les ann\u00e9es n\u00e9cessaires au respect des obligations l\u00e9gales.<\/p>\n\n<p>Une fois que la relation susmentionn\u00e9e a pris fin, les donn\u00e9es peuvent \u00eatre conserv\u00e9es pendant la dur\u00e9e requise par la l\u00e9gislation applicable et jusqu&rsquo;\u00e0 l&rsquo;expiration des obligations d\u00e9coulant du contrat.<\/p>\n\n<p><strong>L\u00c9GITIMIT\u00c9<\/strong><\/p>\n\n<p>La base juridique du traitement des donn\u00e9es est votre consentement donn\u00e9 pour atteindre les objectifs d\u00e9crits ci-dessus, qui vous sera demand\u00e9 au moment de cocher la case correspondante lors de la collecte de vos donn\u00e9es.<\/p>\n\n<p>Le fait de ne pas fournir les donn\u00e9es personnelles demand\u00e9es ou de ne pas accepter la pr\u00e9sente politique de protection des donn\u00e9es entra\u00eene l&rsquo;impossibilit\u00e9 de s&rsquo;abonner, de s&rsquo;enregistrer ou de recevoir des informations sur les produits et services du prestataire.<\/p>\n\n<p>Dans les cas o\u00f9 il existe une relation contractuelle pr\u00e9alable entre les parties, la l\u00e9gitimit\u00e9 pour le d\u00e9veloppement des obligations administratives, fiscales, comptables et de travail qui sont n\u00e9cessaires en vertu de la l\u00e9gislation actuelle sera l&rsquo;existence pr\u00e9alable de la relation d&rsquo;affaires \u00e9tablie entre les parties.<\/p>\n\n<p><strong>CONFIDENTIALIT\u00c9 ET DESTINATAIRES DES DONN\u00c9ES<\/strong><\/p>\n\n<p>Les donn\u00e9es que vous fournissez seront trait\u00e9es de mani\u00e8re confidentielle. Le responsable du traitement a adopt\u00e9 toutes les mesures de protection n\u00e9cessaires pour garantir la s\u00e9curit\u00e9 du traitement des donn\u00e9es et \u00e9viter leur alt\u00e9ration, leur perte, leur traitement ou leur acc\u00e8s non autoris\u00e9, compte tenu de l&rsquo;\u00e9tat de la technologie et de la nature des donn\u00e9es stock\u00e9es. De m\u00eame, il est garanti que le traitement et l&rsquo;enregistrement dans des fichiers, des programmes, des syst\u00e8mes ou des \u00e9quipements et des centres respectent les exigences et les conditions d&rsquo;int\u00e9grit\u00e9 et de s\u00e9curit\u00e9 \u00e9tablies dans la r\u00e9glementation en vigueur.<\/p>\n\n<p>Les donn\u00e9es ne seront accessibles qu&rsquo;aux personnes de l&rsquo;entreprise qui en ont besoin pour exercer leurs fonctions.<\/p>\n\n<p>Le responsable du traitement ne divulguera pas les donn\u00e9es \u00e0 caract\u00e8re personnel \u00e0 des tiers, sauf si la loi l&rsquo;exige. Toutefois, en cas de transfert \u00e0 un tiers, une information pr\u00e9alable sera fournie pour demander le consentement expr\u00e8s \u00e0 un tel transfert. Le responsable de la base de donn\u00e9es, ainsi que les personnes impliqu\u00e9es dans n&rsquo;importe quelle phase du traitement et\/ou les entit\u00e9s auxquelles il a \u00e9t\u00e9 communiqu\u00e9 &#8211; dans tous les cas toujours avec l&rsquo;autorisation correspondante accord\u00e9e par l&rsquo;utilisateur &#8211; sont tenus de respecter le secret professionnel et d&rsquo;adopter les niveaux de protection et les mesures techniques et organisationnelles n\u00e9cessaires qui sont \u00e0 leur port\u00e9e pour garantir la s\u00e9curit\u00e9 des donn\u00e9es \u00e0 caract\u00e8re personnel, \u00e9viter, dans la mesure du possible, les acc\u00e8s non autoris\u00e9s, les modifications illicites, le vol et\/ou la perte de donn\u00e9es, afin d&rsquo;assurer le niveau de s\u00e9curit\u00e9 correspondant des fichiers du prestataire, en fonction de la nature et de la sensibilit\u00e9 des donn\u00e9es fournies par les int\u00e9ress\u00e9s.<\/p>\n\n<p>Les transferts internationaux de vos donn\u00e9es \u00e0 caract\u00e8re personnel ne seront pas non plus effectu\u00e9s sans votre consentement pr\u00e9alable, sans pr\u00e9judice du droit de bloquer ou d&rsquo;annuler votre compte s&rsquo;il existe des indications que vous avez pu commettre une infraction p\u00e9nale. Les informations fournies sont uniquement celles dont le prestataire dispose \u00e0 ce moment-l\u00e0.<\/p>\n\n<p><strong>DROITS<\/strong><\/p>\n\n<p>Le responsable du traitement garantit qu&rsquo;il a mis en \u0153uvre les politiques techniques et organisationnelles appropri\u00e9es pour appliquer les mesures de s\u00e9curit\u00e9 \u00e9tablies par le RGPD et la LOPD GDD afin de prot\u00e9ger les droits et libert\u00e9s des personnes concern\u00e9es.<\/p>\n\n<p>Toute personne a le droit de demander au responsable du traitement de confirmer si nous traitons des donn\u00e9es \u00e0 caract\u00e8re personnel la concernant.<\/p>\n\n<p>Les personnes concern\u00e9es ont le droit d&rsquo;acc\u00e9der \u00e0 leurs donn\u00e9es personnelles, ainsi que de demander la rectification des donn\u00e9es inexactes ou, le cas \u00e9ch\u00e9ant, de demander leur suppression lorsque, entre autres raisons, les donn\u00e9es ne sont plus n\u00e9cessaires aux fins pour lesquelles elles ont \u00e9t\u00e9 collect\u00e9es.<\/p>\n\n<p>Dans les conditions pr\u00e9vues par le r\u00e8glement g\u00e9n\u00e9ral sur la protection des donn\u00e9es, les personnes concern\u00e9es peuvent demander la limitation du traitement de leurs donn\u00e9es, la portabilit\u00e9 dans un format structur\u00e9, couramment utilis\u00e9 et lisible par machine et, enfin, l&rsquo;oubli de leurs donn\u00e9es.<\/p>\n\n<p>Dans certaines circonstances et pour des raisons tenant \u00e0 leur situation particuli\u00e8re, les personnes concern\u00e9es peuvent s&rsquo;opposer au traitement de leurs donn\u00e9es. Si vous avez donn\u00e9 votre consentement pour une finalit\u00e9 sp\u00e9cifique, vous avez le droit de le retirer \u00e0 tout moment, sans que cela n&rsquo;affecte la l\u00e9galit\u00e9 du traitement fond\u00e9 sur le consentement avant son retrait. Dans ce cas, nous cesserons de traiter les donn\u00e9es ou, le cas \u00e9ch\u00e9ant, nous cesserons de traiter les donn\u00e9es pour cette finalit\u00e9 sp\u00e9cifique.<\/p>\n\n<p>Tous les droits susmentionn\u00e9s peuvent \u00eatre exerc\u00e9s au moyen d&rsquo;une demande adress\u00e9e \u00e0 notre d\u00e9l\u00e9gu\u00e9 \u00e0 la protection des donn\u00e9es \u00e0 l&rsquo;adresse info@joanpallares.com.<\/p>\n\n<p>Nous vous informons \u00e9galement que vous pouvez d\u00e9poser une plainte directement aupr\u00e8s de l&rsquo;Agence espagnole de protection des donn\u00e9es (agpd.es) ou d&rsquo;une autre autorit\u00e9 de contr\u00f4le comp\u00e9tente. Vous pouvez \u00e9galement obtenir plus d&rsquo;informations sur vos droits en contactant les organismes mentionn\u00e9s ci-dessus.<\/p>\n\n<p><strong>FORMULAIRES WEB<\/strong><\/p>\n\n<p>La personne responsable informera de mani\u00e8re claire et intuitive des donn\u00e9es qu&rsquo;il sera obligatoire et n\u00e9cessaire de fournir.<\/p>\n\n<p>En indiquant et en saisissant les donn\u00e9es, l&rsquo;utilisateur autorise sans \u00e9quivoque le responsable du traitement \u00e0 proc\u00e9der au traitement des donn\u00e9es fournies aux fins susmentionn\u00e9es.<\/p>\n\n<p>Le fait de ne pas fournir les donn\u00e9es personnelles demand\u00e9es ou de ne pas accepter cette politique de protection des donn\u00e9es signifie l&rsquo;impossibilit\u00e9 de s&rsquo;abonner, de s&rsquo;enregistrer ou de recevoir des informations sur les produits ou services du Responsable.<\/p>\n\n<p>Conform\u00e9ment aux dispositions de la r\u00e9glementation en vigueur en mati\u00e8re de protection des donn\u00e9es personnelles, El Rinc\u00f3n Salao SLU respecte toutes les dispositions du RGPD et de la LOPD pour le traitement des donn\u00e9es personnelles sous sa responsabilit\u00e9, et manifestement les principes d\u00e9crits \u00e0 l&rsquo;art. 5 du RGPD et \u00e0 l&rsquo;art. 4 de la LOPD, qui sont trait\u00e9es de mani\u00e8re licite, loyale et transparente \u00e0 l&rsquo;\u00e9gard de la personne concern\u00e9e et qui sont ad\u00e9quates, pertinentes et limit\u00e9es au regard des finalit\u00e9s pour lesquelles elles sont trait\u00e9es.<\/p>\n\n<p><strong>CONTENU ET LIENS<\/strong><\/p>\n\n<p>Le responsable se r\u00e9serve le droit de mettre \u00e0 jour, de modifier ou de supprimer les informations contenues dans ses diff\u00e9rentes plateformes, et peut limiter ou refuser l&rsquo;acc\u00e8s \u00e0 ces informations.<\/p>\n\n<p>Elle n&rsquo;assume pas non plus de responsabilit\u00e9 quant \u00e0 l&rsquo;information contenue dans les sites web et les plateformes de tiers auxquels il est possible d&rsquo;acc\u00e9der par des liens depuis n&rsquo;importe quelle plateforme d&rsquo;El Rinc\u00f3n Salao SLU.<\/p>\n\n<p>La pr\u00e9sence de \u00ab\u00a0liens\u00a0\u00bb ou de liens n&rsquo;a qu&rsquo;une valeur informative et n&rsquo;implique en aucun cas une suggestion, une invitation ou une reconnaissance de ces derniers.<\/p>\n\n<p>Nous vous informons \u00e9galement que les photographies post\u00e9es sur toute plateforme sont la propri\u00e9t\u00e9 de El Rinc\u00f3n Salao SLU.<\/p>\n\n<p><strong>MODIFICATIONS DE LA POLITIQUE DE CONFIDENTIALIT\u00c9<\/strong><\/p>\n\n<p>Le responsable se r\u00e9serve le droit de modifier cette politique pour l&rsquo;adapter \u00e0 de nouvelles l\u00e9gislations ou jurisprudences. R\u00e9vis\u00e9 le 19\/12\/2023.<\/p>\n\n<p><strong>LES ENVOIS COMMERCIAUX<\/strong><\/p>\n\n<p>Conform\u00e9ment \u00e0 la LSSICE, El responsable ne se livre pas \u00e0 des pratiques de SPAM, et n&rsquo;envoie donc pas de courriers \u00e9lectroniques commerciaux qui n&rsquo;auraient pas \u00e9t\u00e9 pr\u00e9alablement autoris\u00e9s par la personne concern\u00e9e ou qui r\u00e9sulteraient de la souscription d&rsquo;un service. Par cons\u00e9quent, dans tous les formulaires qui peuvent appara\u00eetre sur ce site Web et sur d&rsquo;autres plateformes, l&rsquo;utilisateur a la possibilit\u00e9 de donner son consentement expr\u00e8s pour recevoir des informations de la part d&rsquo;El Rinc\u00f3n Salao SLU, ind\u00e9pendamment de l&rsquo;information commerciale qui peut \u00eatre demand\u00e9e de temps \u00e0 autre.<\/p>\n\n<p><strong>L\u00c9GISLATION<\/strong><\/p>\n\n<p>En g\u00e9n\u00e9ral, les relations entre El Rinc\u00f3n Salao SLU et les utilisateurs de ses services t\u00e9l\u00e9matiques sont soumises \u00e0 la l\u00e9gislation et \u00e0 la juridiction espagnoles, auxquelles les parties se soumettent express\u00e9ment, et les cours et tribunaux de G\u00e9rone seront comp\u00e9tents pour r\u00e9soudre tous les conflits d\u00e9coulant de leur utilisation ou li\u00e9s \u00e0 celle-ci.<\/p>\n\n<p><\/p>\n","protected":false},"excerpt":{"rendered":"<p>OBJET El Rinc\u00f3n Salao SLU (ci-apr\u00e8s, \u00ab\u00a0le contr\u00f4leur\u00a0\u00bb) s&rsquo;efforce de garantir la confidentialit\u00e9 du traitement de vos donn\u00e9es personnelles. \u00c0 cet \u00e9gard, nous avons mis \u00e0 jour notre politique de confidentialit\u00e9 afin de fournir des informations claires sur la mani\u00e8re dont nous collectons, utilisons et prot\u00e9geons&hellip;<\/p>\n","protected":false},"author":1,"featured_media":0,"parent":0,"menu_order":10200,"comment_status":"closed","ping_status":"closed","template":"","meta":{"footnotes":""},"yoast_head":"<!-- This site is optimized with the Yoast SEO plugin v21.7 - https:\/\/yoast.com\/wordpress\/plugins\/seo\/ -->\n<title>Politique de confidentialit\u00e9 - El Rinc\u00f3n Salao \u00b7 Restaurant La Jonquera<\/title>\n<meta name=\"robots\" content=\"index, follow, max-snippet:-1, max-image-preview:large, max-video-preview:-1\" \/>\n<link rel=\"canonical\" href=\"https:\/\/elrinconsalao.com\/fr\/politique-de-confidentialite\/\" \/>\n<meta property=\"og:locale\" content=\"fr_FR\" \/>\n<meta property=\"og:type\" content=\"article\" \/>\n<meta property=\"og:title\" content=\"Politique de confidentialit\u00e9 - El Rinc\u00f3n Salao \u00b7 Restaurant La Jonquera\" \/>\n<meta property=\"og:description\" content=\"OBJET El Rinc\u00f3n Salao SLU (ci-apr\u00e8s, \u00ab\u00a0le contr\u00f4leur\u00a0\u00bb) s&rsquo;efforce de garantir la confidentialit\u00e9 du traitement de vos donn\u00e9es personnelles. \u00c0 cet \u00e9gard, nous avons mis \u00e0 jour notre politique de confidentialit\u00e9 afin de fournir des informations claires sur la mani\u00e8re dont nous collectons, utilisons et prot\u00e9geons&hellip;\" \/>\n<meta property=\"og:url\" content=\"https:\/\/elrinconsalao.com\/fr\/politique-de-confidentialite\/\" \/>\n<meta property=\"og:site_name\" content=\"El Rinc\u00f3n Salao \u00b7 Restaurant La Jonquera\" \/>\n<meta property=\"article:modified_time\" content=\"2023-12-19T12:10:50+00:00\" \/>\n<meta name=\"twitter:card\" content=\"summary_large_image\" \/>\n<meta name=\"twitter:label1\" content=\"Dur\u00e9e de lecture estim\u00e9e\" \/>\n\t<meta name=\"twitter:data1\" content=\"10 minutes\" \/>\n<script type=\"application\/ld+json\" class=\"yoast-schema-graph\">{\"@context\":\"https:\/\/schema.org\",\"@graph\":[{\"@type\":\"WebPage\",\"@id\":\"https:\/\/elrinconsalao.com\/fr\/politique-de-confidentialite\/\",\"url\":\"https:\/\/elrinconsalao.com\/fr\/politique-de-confidentialite\/\",\"name\":\"Politique de confidentialit\u00e9 - El Rinc\u00f3n Salao \u00b7 Restaurant La Jonquera\",\"isPartOf\":{\"@id\":\"https:\/\/elrinconsalao.com\/fr\/#website\"},\"datePublished\":\"2023-12-18T07:22:58+00:00\",\"dateModified\":\"2023-12-19T12:10:50+00:00\",\"breadcrumb\":{\"@id\":\"https:\/\/elrinconsalao.com\/fr\/politique-de-confidentialite\/#breadcrumb\"},\"inLanguage\":\"fr-FR\",\"potentialAction\":[{\"@type\":\"ReadAction\",\"target\":[\"https:\/\/elrinconsalao.com\/fr\/politique-de-confidentialite\/\"]}]},{\"@type\":\"BreadcrumbList\",\"@id\":\"https:\/\/elrinconsalao.com\/fr\/politique-de-confidentialite\/#breadcrumb\",\"itemListElement\":[{\"@type\":\"ListItem\",\"position\":1,\"name\":\"Portada\",\"item\":\"https:\/\/elrinconsalao.com\/fr\/\"},{\"@type\":\"ListItem\",\"position\":2,\"name\":\"Politique de confidentialit\u00e9\"}]},{\"@type\":\"WebSite\",\"@id\":\"https:\/\/elrinconsalao.com\/fr\/#website\",\"url\":\"https:\/\/elrinconsalao.com\/fr\/\",\"name\":\"El Rinc\u00f3n Salao \u00b7 Restaurant La Jonquera\",\"description\":\"\",\"publisher\":{\"@id\":\"https:\/\/elrinconsalao.com\/fr\/#organization\"},\"potentialAction\":[{\"@type\":\"SearchAction\",\"target\":{\"@type\":\"EntryPoint\",\"urlTemplate\":\"https:\/\/elrinconsalao.com\/fr\/?s={search_term_string}\"},\"query-input\":\"required name=search_term_string\"}],\"inLanguage\":\"fr-FR\"},{\"@type\":\"Organization\",\"@id\":\"https:\/\/elrinconsalao.com\/fr\/#organization\",\"name\":\"El Rinc\u00f3n Salao \u00b7 Restaurant La Jonquera\",\"url\":\"https:\/\/elrinconsalao.com\/fr\/\",\"logo\":{\"@type\":\"ImageObject\",\"inLanguage\":\"fr-FR\",\"@id\":\"https:\/\/elrinconsalao.com\/fr\/#\/schema\/logo\/image\/\",\"url\":\"\",\"contentUrl\":\"\",\"caption\":\"El Rinc\u00f3n Salao \u00b7 Restaurant La Jonquera\"},\"image\":{\"@id\":\"https:\/\/elrinconsalao.com\/fr\/#\/schema\/logo\/image\/\"}}]}<\/script>\n<!-- \/ Yoast SEO plugin. -->","yoast_head_json":{"title":"Politique de confidentialit\u00e9 - El Rinc\u00f3n Salao \u00b7 Restaurant La Jonquera","robots":{"index":"index","follow":"follow","max-snippet":"max-snippet:-1","max-image-preview":"max-image-preview:large","max-video-preview":"max-video-preview:-1"},"canonical":"https:\/\/elrinconsalao.com\/fr\/politique-de-confidentialite\/","og_locale":"fr_FR","og_type":"article","og_title":"Politique de confidentialit\u00e9 - El Rinc\u00f3n Salao \u00b7 Restaurant La Jonquera","og_description":"OBJET El Rinc\u00f3n Salao SLU (ci-apr\u00e8s, \u00ab\u00a0le contr\u00f4leur\u00a0\u00bb) s&rsquo;efforce de garantir la confidentialit\u00e9 du traitement de vos donn\u00e9es personnelles. \u00c0 cet \u00e9gard, nous avons mis \u00e0 jour notre politique de confidentialit\u00e9 afin de fournir des informations claires sur la mani\u00e8re dont nous collectons, utilisons et prot\u00e9geons&hellip;","og_url":"https:\/\/elrinconsalao.com\/fr\/politique-de-confidentialite\/","og_site_name":"El Rinc\u00f3n Salao \u00b7 Restaurant La Jonquera","article_modified_time":"2023-12-19T12:10:50+00:00","twitter_card":"summary_large_image","twitter_misc":{"Dur\u00e9e de lecture estim\u00e9e":"10 minutes"},"schema":{"@context":"https:\/\/schema.org","@graph":[{"@type":"WebPage","@id":"https:\/\/elrinconsalao.com\/fr\/politique-de-confidentialite\/","url":"https:\/\/elrinconsalao.com\/fr\/politique-de-confidentialite\/","name":"Politique de confidentialit\u00e9 - El Rinc\u00f3n Salao \u00b7 Restaurant La Jonquera","isPartOf":{"@id":"https:\/\/elrinconsalao.com\/fr\/#website"},"datePublished":"2023-12-18T07:22:58+00:00","dateModified":"2023-12-19T12:10:50+00:00","breadcrumb":{"@id":"https:\/\/elrinconsalao.com\/fr\/politique-de-confidentialite\/#breadcrumb"},"inLanguage":"fr-FR","potentialAction":[{"@type":"ReadAction","target":["https:\/\/elrinconsalao.com\/fr\/politique-de-confidentialite\/"]}]},{"@type":"BreadcrumbList","@id":"https:\/\/elrinconsalao.com\/fr\/politique-de-confidentialite\/#breadcrumb","itemListElement":[{"@type":"ListItem","position":1,"name":"Portada","item":"https:\/\/elrinconsalao.com\/fr\/"},{"@type":"ListItem","position":2,"name":"Politique de confidentialit\u00e9"}]},{"@type":"WebSite","@id":"https:\/\/elrinconsalao.com\/fr\/#website","url":"https:\/\/elrinconsalao.com\/fr\/","name":"El Rinc\u00f3n Salao \u00b7 Restaurant La Jonquera","description":"","publisher":{"@id":"https:\/\/elrinconsalao.com\/fr\/#organization"},"potentialAction":[{"@type":"SearchAction","target":{"@type":"EntryPoint","urlTemplate":"https:\/\/elrinconsalao.com\/fr\/?s={search_term_string}"},"query-input":"required name=search_term_string"}],"inLanguage":"fr-FR"},{"@type":"Organization","@id":"https:\/\/elrinconsalao.com\/fr\/#organization","name":"El Rinc\u00f3n Salao \u00b7 Restaurant La Jonquera","url":"https:\/\/elrinconsalao.com\/fr\/","logo":{"@type":"ImageObject","inLanguage":"fr-FR","@id":"https:\/\/elrinconsalao.com\/fr\/#\/schema\/logo\/image\/","url":"","contentUrl":"","caption":"El Rinc\u00f3n Salao \u00b7 Restaurant La Jonquera"},"image":{"@id":"https:\/\/elrinconsalao.com\/fr\/#\/schema\/logo\/image\/"}}]}},"_links":{"self":[{"href":"https:\/\/elrinconsalao.com\/fr\/wp-json\/wp\/v2\/pages\/1579"}],"collection":[{"href":"https:\/\/elrinconsalao.com\/fr\/wp-json\/wp\/v2\/pages"}],"about":[{"href":"https:\/\/elrinconsalao.com\/fr\/wp-json\/wp\/v2\/types\/page"}],"author":[{"embeddable":true,"href":"https:\/\/elrinconsalao.com\/fr\/wp-json\/wp\/v2\/users\/1"}],"replies":[{"embeddable":true,"href":"https:\/\/elrinconsalao.com\/fr\/wp-json\/wp\/v2\/comments?post=1579"}],"version-history":[{"count":3,"href":"https:\/\/elrinconsalao.com\/fr\/wp-json\/wp\/v2\/pages\/1579\/revisions"}],"predecessor-version":[{"id":1599,"href":"https:\/\/elrinconsalao.com\/fr\/wp-json\/wp\/v2\/pages\/1579\/revisions\/1599"}],"wp:attachment":[{"href":"https:\/\/elrinconsalao.com\/fr\/wp-json\/wp\/v2\/media?parent=1579"}],"curies":[{"name":"wp","href":"https:\/\/api.w.org\/{rel}","templated":true}]}}