{"id":1571,"date":"2018-03-15T12:49:32","date_gmt":"2018-03-15T11:49:32","guid":{"rendered":"https:\/\/elrinconsalao.com\/petit-dejeuner\/"},"modified":"2024-03-27T15:33:50","modified_gmt":"2024-03-27T14:33:50","slug":"petit-dejeuner","status":"publish","type":"page","link":"https:\/\/elrinconsalao.com\/fr\/menu\/petit-dejeuner\/","title":{"rendered":"Petit d\u00e9jeuner"},"content":{"rendered":"<section class=\"wpb-content-wrapper\"><p>[vc_row full_width=\u00a0\u00bbstretch_row\u00a0\u00bb css=\u00a0\u00bb.vc_custom_1521019846542{background-image: url(https:\/\/ninzio.com\/gustablo\/wp-content\/uploads\/2018\/03\/section_bg3.jpg?id=611) !important;}\u00a0\u00bb][vc_column]\r\n\t<div class=\"wprt-spacer clearfix\" data-desktop=\"72\" data-mobi=\"60\" data-smobi=\"60\"><\/div><div class=\"wprt-headings clearfix text-center\"  style=\"\"><h2 class=\"heading clearfix\" style=\"\">\r\n\t\tPETIT D\u00c9JEUNER\r\n\t<\/h2><\/div><div class=\"wprt-divider has-icon\" style=\"width:288px;margin-top:16px;margin-bottom:22px;\">\r\n\t\t\t<div class=\"divider-icon\">\r\n\t\t\t\t<span class=\"divider-icon-before divider-center divider-double\" style=\"border-color:#dddddd;\"><\/span>\r\n\t\t\t\t<span class=\"icon-wrap\" style=\"\"><img decoding=\"async\" alt=\"image\" src=\"https:\/\/elrinconsalao.com\/wp-content\/uploads\/2023\/12\/logo-transparent-1.png\" width=\"100\"><\/span>\r\n\t\t\t\t<span class=\"divider-icon-after divider-center divider-double\" style=\"border-color:#dddddd;\"><\/span>\r\n\t\t\t<\/div>\r\n\t\t<\/div><div class=\"clearfix\"><\/div>\r\n\t<div class=\"wprt-spacer clearfix\" data-desktop=\"40\" data-mobi=\"30\" data-smobi=\"30\"><\/div>\r\n\t<div class=\"wprt-spacer clearfix\" data-desktop=\"50\" data-mobi=\"40\" data-smobi=\"40\"><\/div>\r\n\t<div class=\"wprt-align-box text-center\"><div class=\"button-wrap icon-right\" style=\"\"><a href=\"#\" target=\"_blank\" class=\"wprt-button  solid accent width-3\" style=\"\">\r\n\t\t<span style=\"\">T\u00c9L\u00c9CHARGER LE MENU DU PETIT D\u00c9JEUNER <\/span>\r\n\t<\/a><\/div>\n<\/div>\r\n\t<div class=\"wprt-spacer clearfix\" data-desktop=\"90\" data-mobi=\"60\" data-smobi=\"60\"><\/div>[\/vc_column][\/vc_row]<\/p>\n<\/section>","protected":false},"excerpt":{"rendered":"<p>[vc_row full_width=\u00a0\u00bbstretch_row\u00a0\u00bb css=\u00a0\u00bb.vc_custom_1521019846542{background-image: url(https:\/\/ninzio.com\/gustablo\/wp-content\/uploads\/2018\/03\/section_bg3.jpg?id=611) !important;}\u00a0\u00bb][vc_column][\/vc_column][\/vc_row]<\/p>\n","protected":false},"author":1,"featured_media":0,"parent":1613,"menu_order":220,"comment_status":"closed","ping_status":"closed","template":"","meta":{"footnotes":""},"yoast_head":"<!-- This site is optimized with the Yoast SEO plugin v21.7 - https:\/\/yoast.com\/wordpress\/plugins\/seo\/ -->\n<title>Petit d\u00e9jeuner - El Rinc\u00f3n Salao \u00b7 Restaurant La Jonquera<\/title>\n<meta name=\"robots\" content=\"index, follow, max-snippet:-1, max-image-preview:large, max-video-preview:-1\" \/>\n<link rel=\"canonical\" href=\"https:\/\/elrinconsalao.com\/fr\/menu\/petit-dejeuner\/\" \/>\n<meta property=\"og:locale\" content=\"fr_FR\" \/>\n<meta property=\"og:type\" content=\"article\" \/>\n<meta property=\"og:title\" content=\"Petit d\u00e9jeuner - El Rinc\u00f3n Salao \u00b7 Restaurant La Jonquera\" \/>\n<meta property=\"og:description\" content=\"[vc_row full_width=\u00a0\u00bbstretch_row\u00a0\u00bb css=\u00a0\u00bb.vc_custom_1521019846542{background-image: url(https:\/\/ninzio.com\/gustablo\/wp-content\/uploads\/2018\/03\/section_bg3.jpg?id=611) !important;}\u00a0\u00bb][vc_column][\/vc_column][\/vc_row]\" \/>\n<meta property=\"og:url\" content=\"https:\/\/elrinconsalao.com\/fr\/menu\/petit-dejeuner\/\" \/>\n<meta property=\"og:site_name\" content=\"El Rinc\u00f3n Salao \u00b7 Restaurant La Jonquera\" \/>\n<meta property=\"article:modified_time\" content=\"2024-03-27T14:33:50+00:00\" \/>\n<meta name=\"twitter:card\" content=\"summary_large_image\" \/>\n<meta name=\"twitter:label1\" content=\"Dur\u00e9e de lecture estim\u00e9e\" \/>\n\t<meta name=\"twitter:data1\" content=\"1 minute\" \/>\n<script type=\"application\/ld+json\" class=\"yoast-schema-graph\">{\"@context\":\"https:\/\/schema.org\",\"@graph\":[{\"@type\":\"WebPage\",\"@id\":\"https:\/\/elrinconsalao.com\/fr\/menu\/petit-dejeuner\/\",\"url\":\"https:\/\/elrinconsalao.com\/fr\/menu\/petit-dejeuner\/\",\"name\":\"Petit d\u00e9jeuner - El Rinc\u00f3n Salao \u00b7 Restaurant La Jonquera\",\"isPartOf\":{\"@id\":\"https:\/\/elrinconsalao.com\/fr\/#website\"},\"datePublished\":\"2018-03-15T11:49:32+00:00\",\"dateModified\":\"2024-03-27T14:33:50+00:00\",\"breadcrumb\":{\"@id\":\"https:\/\/elrinconsalao.com\/fr\/menu\/petit-dejeuner\/#breadcrumb\"},\"inLanguage\":\"fr-FR\",\"potentialAction\":[{\"@type\":\"ReadAction\",\"target\":[\"https:\/\/elrinconsalao.com\/fr\/menu\/petit-dejeuner\/\"]}]},{\"@type\":\"BreadcrumbList\",\"@id\":\"https:\/\/elrinconsalao.com\/fr\/menu\/petit-dejeuner\/#breadcrumb\",\"itemListElement\":[{\"@type\":\"ListItem\",\"position\":1,\"name\":\"Portada\",\"item\":\"https:\/\/elrinconsalao.com\/fr\/\"},{\"@type\":\"ListItem\",\"position\":2,\"name\":\"Menu\",\"item\":\"https:\/\/elrinconsalao.com\/fr\/menu\/\"},{\"@type\":\"ListItem\",\"position\":3,\"name\":\"Petit d\u00e9jeuner\"}]},{\"@type\":\"WebSite\",\"@id\":\"https:\/\/elrinconsalao.com\/fr\/#website\",\"url\":\"https:\/\/elrinconsalao.com\/fr\/\",\"name\":\"El Rinc\u00f3n Salao \u00b7 Restaurant La Jonquera\",\"description\":\"\",\"publisher\":{\"@id\":\"https:\/\/elrinconsalao.com\/fr\/#organization\"},\"potentialAction\":[{\"@type\":\"SearchAction\",\"target\":{\"@type\":\"EntryPoint\",\"urlTemplate\":\"https:\/\/elrinconsalao.com\/fr\/?s={search_term_string}\"},\"query-input\":\"required name=search_term_string\"}],\"inLanguage\":\"fr-FR\"},{\"@type\":\"Organization\",\"@id\":\"https:\/\/elrinconsalao.com\/fr\/#organization\",\"name\":\"El Rinc\u00f3n Salao \u00b7 Restaurant La Jonquera\",\"url\":\"https:\/\/elrinconsalao.com\/fr\/\",\"logo\":{\"@type\":\"ImageObject\",\"inLanguage\":\"fr-FR\",\"@id\":\"https:\/\/elrinconsalao.com\/fr\/#\/schema\/logo\/image\/\",\"url\":\"\",\"contentUrl\":\"\",\"caption\":\"El Rinc\u00f3n Salao \u00b7 Restaurant La Jonquera\"},\"image\":{\"@id\":\"https:\/\/elrinconsalao.com\/fr\/#\/schema\/logo\/image\/\"}}]}<\/script>\n<!-- \/ Yoast SEO plugin. -->","yoast_head_json":{"title":"Petit d\u00e9jeuner - El Rinc\u00f3n Salao \u00b7 Restaurant La Jonquera","robots":{"index":"index","follow":"follow","max-snippet":"max-snippet:-1","max-image-preview":"max-image-preview:large","max-video-preview":"max-video-preview:-1"},"canonical":"https:\/\/elrinconsalao.com\/fr\/menu\/petit-dejeuner\/","og_locale":"fr_FR","og_type":"article","og_title":"Petit d\u00e9jeuner - El Rinc\u00f3n Salao \u00b7 Restaurant La Jonquera","og_description":"[vc_row full_width=\u00a0\u00bbstretch_row\u00a0\u00bb css=\u00a0\u00bb.vc_custom_1521019846542{background-image: url(https:\/\/ninzio.com\/gustablo\/wp-content\/uploads\/2018\/03\/section_bg3.jpg?id=611) !important;}\u00a0\u00bb][vc_column][\/vc_column][\/vc_row]","og_url":"https:\/\/elrinconsalao.com\/fr\/menu\/petit-dejeuner\/","og_site_name":"El Rinc\u00f3n Salao \u00b7 Restaurant La Jonquera","article_modified_time":"2024-03-27T14:33:50+00:00","twitter_card":"summary_large_image","twitter_misc":{"Dur\u00e9e de lecture estim\u00e9e":"1 minute"},"schema":{"@context":"https:\/\/schema.org","@graph":[{"@type":"WebPage","@id":"https:\/\/elrinconsalao.com\/fr\/menu\/petit-dejeuner\/","url":"https:\/\/elrinconsalao.com\/fr\/menu\/petit-dejeuner\/","name":"Petit d\u00e9jeuner - El Rinc\u00f3n Salao \u00b7 Restaurant La Jonquera","isPartOf":{"@id":"https:\/\/elrinconsalao.com\/fr\/#website"},"datePublished":"2018-03-15T11:49:32+00:00","dateModified":"2024-03-27T14:33:50+00:00","breadcrumb":{"@id":"https:\/\/elrinconsalao.com\/fr\/menu\/petit-dejeuner\/#breadcrumb"},"inLanguage":"fr-FR","potentialAction":[{"@type":"ReadAction","target":["https:\/\/elrinconsalao.com\/fr\/menu\/petit-dejeuner\/"]}]},{"@type":"BreadcrumbList","@id":"https:\/\/elrinconsalao.com\/fr\/menu\/petit-dejeuner\/#breadcrumb","itemListElement":[{"@type":"ListItem","position":1,"name":"Portada","item":"https:\/\/elrinconsalao.com\/fr\/"},{"@type":"ListItem","position":2,"name":"Menu","item":"https:\/\/elrinconsalao.com\/fr\/menu\/"},{"@type":"ListItem","position":3,"name":"Petit d\u00e9jeuner"}]},{"@type":"WebSite","@id":"https:\/\/elrinconsalao.com\/fr\/#website","url":"https:\/\/elrinconsalao.com\/fr\/","name":"El Rinc\u00f3n Salao \u00b7 Restaurant La Jonquera","description":"","publisher":{"@id":"https:\/\/elrinconsalao.com\/fr\/#organization"},"potentialAction":[{"@type":"SearchAction","target":{"@type":"EntryPoint","urlTemplate":"https:\/\/elrinconsalao.com\/fr\/?s={search_term_string}"},"query-input":"required name=search_term_string"}],"inLanguage":"fr-FR"},{"@type":"Organization","@id":"https:\/\/elrinconsalao.com\/fr\/#organization","name":"El Rinc\u00f3n Salao \u00b7 Restaurant La Jonquera","url":"https:\/\/elrinconsalao.com\/fr\/","logo":{"@type":"ImageObject","inLanguage":"fr-FR","@id":"https:\/\/elrinconsalao.com\/fr\/#\/schema\/logo\/image\/","url":"","contentUrl":"","caption":"El Rinc\u00f3n Salao \u00b7 Restaurant La Jonquera"},"image":{"@id":"https:\/\/elrinconsalao.com\/fr\/#\/schema\/logo\/image\/"}}]}},"_links":{"self":[{"href":"https:\/\/elrinconsalao.com\/fr\/wp-json\/wp\/v2\/pages\/1571"}],"collection":[{"href":"https:\/\/elrinconsalao.com\/fr\/wp-json\/wp\/v2\/pages"}],"about":[{"href":"https:\/\/elrinconsalao.com\/fr\/wp-json\/wp\/v2\/types\/page"}],"author":[{"embeddable":true,"href":"https:\/\/elrinconsalao.com\/fr\/wp-json\/wp\/v2\/users\/1"}],"replies":[{"embeddable":true,"href":"https:\/\/elrinconsalao.com\/fr\/wp-json\/wp\/v2\/comments?post=1571"}],"version-history":[{"count":14,"href":"https:\/\/elrinconsalao.com\/fr\/wp-json\/wp\/v2\/pages\/1571\/revisions"}],"predecessor-version":[{"id":1730,"href":"https:\/\/elrinconsalao.com\/fr\/wp-json\/wp\/v2\/pages\/1571\/revisions\/1730"}],"up":[{"embeddable":true,"href":"https:\/\/elrinconsalao.com\/fr\/wp-json\/wp\/v2\/pages\/1613"}],"wp:attachment":[{"href":"https:\/\/elrinconsalao.com\/fr\/wp-json\/wp\/v2\/media?parent=1571"}],"curies":[{"name":"wp","href":"https:\/\/api.w.org\/{rel}","templated":true}]}}